{"id":90,"date":"2022-11-15T07:57:06","date_gmt":"2022-11-15T06:57:06","guid":{"rendered":"https:\/\/nextbike-live.pluspol-networks.de\/tusbic\/right-of-withdrawal\/"},"modified":"2022-12-16T11:35:47","modified_gmt":"2022-12-16T10:35:47","slug":"right-of-withdrawal","status":"publish","type":"page","link":"https:\/\/www.alsa-nextbike.es\/leon\/en\/right-of-withdrawal\/","title":{"rendered":"Right of Withdrawal"},"content":{"rendered":"<div class=\"wpb-content-wrapper\"><p>[vc_row][vc_column][vc_column_text]<h1>Instructions to exercise the right of withdrawal<\/h1>\n<p><strong>Right of withdrawal<\/strong><\/p>\n<p>You have the right to withdraw from this contract within 14 days without giving any reason if you have not used the service at all.<br \/>\nIf when contracting the service, the user uses it, he will automatically lose the right of withdrawal and will not have the right to a refund.<br \/>\nThe withdrawal period will expire 14 days from the day the contract was signed.<\/p>\n<p>To exercise the right of withdrawal, you must inform us (U.T.E. Le\u00f3n Bici nextbike GmbH y Autobuses Urbanos de Le\u00f3n S.A.U., Le\u00f3nbici nextbike Alsa, Uni\u00f3n Temporal de Empresas, Pol\u00edgono Industrial Vilecha Oeste s\/n, 24192 Le\u00f3n, Email: <a href=\"mailto:info@alsa-nextbike.es\">info@alsa-nextbike.es<\/a>) of your decision to withdraw from this contract by means of an unequivocal statement (for example, a letter sent by postal mail, fax or email). You can use the attached withdrawal form model, but it is not mandatory.<br \/>\nTo comply with the w ithdrawal period, it is suffic ient that you send y our communication regarding your exercise of the right of withdrawal before the end of the withdrawal period.<\/p>\n<p><strong>Effects of withdrawal<\/strong><\/p>\n<p>If you withdraw from this contract, we will refund all payments received from you, without undue delay and, in any event, no later than 14 days from the day we are<br \/>\ninformed of your decision to withdraw from this contract. We will make such a refund using the same means of payment that you used for the initial transaction, unless you have expressly agreed otherwise; in any event, you will not incur any fees as a result of such a refund. If you requested a refund by exercising the right of withdrawal after having used the service, you will not have the right to a refund or withdrawal from the contract.<\/p>\n<a aria-label=\"Opens in a new tab\" href=\"https:\/\/www.alsa-nextbike.es\/leon\/wp-content\/uploads\/2024\/04\/2024_04_09_Widerrufsbelehrung.pdf\" target=\"_blank\" class=\"ppi_withdrawal_download_link\"><strong>  <\/strong><\/a>[\/vc_column_text][\/vc_column][\/vc_row]<\/p>\n<\/div>","protected":false},"excerpt":{"rendered":"<p>[vc_row][vc_column][vc_column_text][\/vc_column_text][\/vc_column][\/vc_row]<\/p>\n","protected":false},"author":5,"featured_media":0,"parent":0,"menu_order":0,"comment_status":"closed","ping_status":"closed","template":"","meta":{"_acf_changed":false,"inline_featured_image":false,"footnotes":""},"class_list":["post-90","page","type-page","status-publish","hentry"],"acf":[],"yoast_head":"<!-- This site is optimized with the Yoast SEO plugin v27.2 - https:\/\/yoast.com\/product\/yoast-seo-wordpress\/ -->\n<title>Right of Withdrawal - Alsa nextbike Le\u00f3n<\/title>\n<meta name=\"robots\" content=\"index, follow, max-snippet:-1, max-image-preview:large, max-video-preview:-1\" \/>\n<link rel=\"canonical\" href=\"https:\/\/www.alsa-nextbike.es\/leon\/en\/right-of-withdrawal\/\" \/>\n<meta property=\"og:locale\" content=\"en_US\" \/>\n<meta property=\"og:type\" content=\"article\" \/>\n<meta property=\"og:title\" content=\"Right of Withdrawal - Alsa nextbike Le\u00f3n\" \/>\n<meta property=\"og:description\" content=\"[vc_row][vc_column][vc_column_text][\/vc_column_text][\/vc_column][\/vc_row]\" \/>\n<meta property=\"og:url\" content=\"https:\/\/www.alsa-nextbike.es\/leon\/en\/right-of-withdrawal\/\" \/>\n<meta property=\"og:site_name\" content=\"Alsa nextbike Le\u00f3n\" \/>\n<meta property=\"article:modified_time\" content=\"2022-12-16T10:35:47+00:00\" \/>\n<meta name=\"twitter:card\" content=\"summary_large_image\" \/>\n<meta name=\"twitter:label1\" content=\"Est. reading time\" \/>\n\t<meta name=\"twitter:data1\" content=\"1 minute\" \/>\n<script type=\"application\/ld+json\" class=\"yoast-schema-graph\">{\"@context\":\"https:\/\/schema.org\",\"@graph\":[{\"@type\":\"WebPage\",\"@id\":\"https:\/\/www.alsa-nextbike.es\/leon\/en\/right-of-withdrawal\/\",\"url\":\"https:\/\/www.alsa-nextbike.es\/leon\/en\/right-of-withdrawal\/\",\"name\":\"Right of Withdrawal - Alsa nextbike Le\u00f3n\",\"isPartOf\":{\"@id\":\"https:\/\/www.alsa-nextbike.es\/leon\/en\/#website\"},\"datePublished\":\"2022-11-15T06:57:06+00:00\",\"dateModified\":\"2022-12-16T10:35:47+00:00\",\"breadcrumb\":{\"@id\":\"https:\/\/www.alsa-nextbike.es\/leon\/en\/right-of-withdrawal\/#breadcrumb\"},\"inLanguage\":\"en-US\",\"potentialAction\":[{\"@type\":\"ReadAction\",\"target\":[\"https:\/\/www.alsa-nextbike.es\/leon\/en\/right-of-withdrawal\/\"]}]},{\"@type\":\"BreadcrumbList\",\"@id\":\"https:\/\/www.alsa-nextbike.es\/leon\/en\/right-of-withdrawal\/#breadcrumb\",\"itemListElement\":[{\"@type\":\"ListItem\",\"position\":1,\"name\":\"Startseite\",\"item\":\"https:\/\/www.alsa-nextbike.es\/leon\/en\/\"},{\"@type\":\"ListItem\",\"position\":2,\"name\":\"Right of Withdrawal\"}]},{\"@type\":\"WebSite\",\"@id\":\"https:\/\/www.alsa-nextbike.es\/leon\/en\/#website\",\"url\":\"https:\/\/www.alsa-nextbike.es\/leon\/en\/\",\"name\":\"Alsa nextbike Le\u00f3n\",\"description\":\"A nextbike Website\",\"potentialAction\":[{\"@type\":\"SearchAction\",\"target\":{\"@type\":\"EntryPoint\",\"urlTemplate\":\"https:\/\/www.alsa-nextbike.es\/leon\/en\/?s={search_term_string}\"},\"query-input\":{\"@type\":\"PropertyValueSpecification\",\"valueRequired\":true,\"valueName\":\"search_term_string\"}}],\"inLanguage\":\"en-US\"}]}<\/script>\n<!-- \/ Yoast SEO plugin. -->","yoast_head_json":{"title":"Right of Withdrawal - Alsa nextbike Le\u00f3n","robots":{"index":"index","follow":"follow","max-snippet":"max-snippet:-1","max-image-preview":"max-image-preview:large","max-video-preview":"max-video-preview:-1"},"canonical":"https:\/\/www.alsa-nextbike.es\/leon\/en\/right-of-withdrawal\/","og_locale":"en_US","og_type":"article","og_title":"Right of Withdrawal - Alsa nextbike Le\u00f3n","og_description":"[vc_row][vc_column][vc_column_text][\/vc_column_text][\/vc_column][\/vc_row]","og_url":"https:\/\/www.alsa-nextbike.es\/leon\/en\/right-of-withdrawal\/","og_site_name":"Alsa nextbike Le\u00f3n","article_modified_time":"2022-12-16T10:35:47+00:00","twitter_card":"summary_large_image","twitter_misc":{"Est. reading time":"1 minute"},"schema":{"@context":"https:\/\/schema.org","@graph":[{"@type":"WebPage","@id":"https:\/\/www.alsa-nextbike.es\/leon\/en\/right-of-withdrawal\/","url":"https:\/\/www.alsa-nextbike.es\/leon\/en\/right-of-withdrawal\/","name":"Right of Withdrawal - Alsa nextbike Le\u00f3n","isPartOf":{"@id":"https:\/\/www.alsa-nextbike.es\/leon\/en\/#website"},"datePublished":"2022-11-15T06:57:06+00:00","dateModified":"2022-12-16T10:35:47+00:00","breadcrumb":{"@id":"https:\/\/www.alsa-nextbike.es\/leon\/en\/right-of-withdrawal\/#breadcrumb"},"inLanguage":"en-US","potentialAction":[{"@type":"ReadAction","target":["https:\/\/www.alsa-nextbike.es\/leon\/en\/right-of-withdrawal\/"]}]},{"@type":"BreadcrumbList","@id":"https:\/\/www.alsa-nextbike.es\/leon\/en\/right-of-withdrawal\/#breadcrumb","itemListElement":[{"@type":"ListItem","position":1,"name":"Startseite","item":"https:\/\/www.alsa-nextbike.es\/leon\/en\/"},{"@type":"ListItem","position":2,"name":"Right of Withdrawal"}]},{"@type":"WebSite","@id":"https:\/\/www.alsa-nextbike.es\/leon\/en\/#website","url":"https:\/\/www.alsa-nextbike.es\/leon\/en\/","name":"Alsa nextbike Le\u00f3n","description":"A nextbike Website","potentialAction":[{"@type":"SearchAction","target":{"@type":"EntryPoint","urlTemplate":"https:\/\/www.alsa-nextbike.es\/leon\/en\/?s={search_term_string}"},"query-input":{"@type":"PropertyValueSpecification","valueRequired":true,"valueName":"search_term_string"}}],"inLanguage":"en-US"}]}},"_links":{"self":[{"href":"https:\/\/www.alsa-nextbike.es\/leon\/en\/wp-json\/wp\/v2\/pages\/90","targetHints":{"allow":["GET"]}}],"collection":[{"href":"https:\/\/www.alsa-nextbike.es\/leon\/en\/wp-json\/wp\/v2\/pages"}],"about":[{"href":"https:\/\/www.alsa-nextbike.es\/leon\/en\/wp-json\/wp\/v2\/types\/page"}],"author":[{"embeddable":true,"href":"https:\/\/www.alsa-nextbike.es\/leon\/en\/wp-json\/wp\/v2\/users\/5"}],"replies":[{"embeddable":true,"href":"https:\/\/www.alsa-nextbike.es\/leon\/en\/wp-json\/wp\/v2\/comments?post=90"}],"version-history":[{"count":3,"href":"https:\/\/www.alsa-nextbike.es\/leon\/en\/wp-json\/wp\/v2\/pages\/90\/revisions"}],"predecessor-version":[{"id":93,"href":"https:\/\/www.alsa-nextbike.es\/leon\/en\/wp-json\/wp\/v2\/pages\/90\/revisions\/93"}],"wp:attachment":[{"href":"https:\/\/www.alsa-nextbike.es\/leon\/en\/wp-json\/wp\/v2\/media?parent=90"}],"curies":[{"name":"wp","href":"https:\/\/api.w.org\/{rel}","templated":true}]}}