{"id":507,"date":"2024-02-26T14:54:19","date_gmt":"2024-02-26T13:54:19","guid":{"rendered":"https:\/\/nextbike-live.pluspol-networks.de\/alsaleon\/?page_id=507"},"modified":"2024-04-16T17:11:35","modified_gmt":"2024-04-16T15:11:35","slug":"proteccion-de-datos","status":"publish","type":"page","link":"https:\/\/www.alsa-nextbike.es\/leon\/es\/proteccion-de-datos\/","title":{"rendered":"Protecci\u00f3n de Datos"},"content":{"rendered":"<div class=\"wpb-content-wrapper\"><p>[vc_row ppi_row_padding=\u00bbppi_remove_padding_top\u00bb][vc_column][vc_column_text]<div class=\"ppi_privacy ppi_content\"><h1><strong>Pol\u00edtica de privacidad de datos<\/strong><\/h1>\n<div class=\"row_wrap\">\n<div class=\"wp-block-columns row_xxl\">\n<div class=\"wp-block-column col-12 col-sm-auto\">\n<h4>La persona responsable en el sentido del Reglamento B\u00e1sico de Protecci\u00f3n de Datos y otras leyes nacionales de protecci\u00f3n de datos de los estados miembros, as\u00ed como otras disposiciones de protecci\u00f3n de datos, es:<\/h4>\n<div data-font-name=\"g_d3_f4\" data-angle=\"0\" data-canvas-width=\"117.61519999999996\">\n<p>U.T.E. Le\u00f3n Bici nextbike GmbH y Autobuses Urbanos de Le\u00f3n S.A.U.<br \/>\nLe\u00f3nbici nextbike Alsa<\/p>\n<p>Uni\u00f3n Temporal de Empresas<br \/>\nPol\u00edgono Industrial Vilecha Oeste s\/n<br \/>\n24192 Le\u00f3n<\/p>\n<\/div>\n<p>Contacto: \u00a0<a href=\"mailto:info@alsa-nextbike.es\">info@alsa-nextbike.es<\/a><\/p>\n<p>Nos tomamos muy en serio la protecci\u00f3n de sus datos personales y los tratamos de forma confidencial y de acuerdo con las normas legales de protecci\u00f3n de datos y esta declaraci\u00f3n.<\/p>\n<p>El uso de nuestras p\u00e1ginas web es posible sin proporcionar datos personales. En la medida en que se obtengan datos personales por nuestra parte (por ejemplo, nombre, direcci\u00f3n o direcciones de correo electr\u00f3nico), esto se realiza, en la medida de lo posible, siempre de forma voluntaria. Estos datos no se ceder\u00e1n a terceros sin su expreso consentimiento.<\/p>\n<p>La siguiente normativa le informa al respecto sobre el tipo, alcance y finalidad de la recogida, uso y tratamiento de datos personales por parte del prestador.<\/p>\n<p><a class=\"borlabs-cookie-preference\" href=\"#\">Realice ajustes individuales de protecci\u00f3n de datos.<\/a><\/p>\n<\/div>\n<\/div>\n<\/div>\n<h4 class=\"ppi_download_headline\">Pol\u00edtica de privacidad para el uso del sitio web<\/h4><div class=\"ppi_download_row ppi_row\"><div class=\"ppi_download_col ppi_col-md-6\"><p class=\"ppi_download_desc\">Pol\u00edtica de privacidad de Alsa-nextbike (Espa\u00f1ol)<\/p><a aria-label=\"Se abre en una nueva pesta\u00f1a\" href=\"https:\/\/www.alsa-nextbike.es\/leon\/wp-content\/uploads\/sites\/86\/2024\/06\/2024-04-14_Privacy-Notice-WEBSITE_alsa-Leon_esp.pdf\" target=\"_blank\" class=\"ppi_download_link\"><strong>Descargar<\/strong><\/a><\/div><div class=\"ppi_download_col ppi_col-md-6\"><p class=\"ppi_download_desc\">Alsa-nextbike Privacy Policy Website (English)<\/p><a aria-label=\"Se abre en una nueva pesta\u00f1a\" href=\"https:\/\/www.alsa-nextbike.es\/leon\/wp-content\/uploads\/sites\/86\/2024\/06\/2024-04-14_Privacy-Notice-WEBSITE_alsa-Leon_eng.pdf\" target=\"_blank\" class=\"ppi_download_link\"><strong>Descargar<\/strong><\/a><\/div><\/div><h4 class=\"ppi_download_headline\">Pol\u00edtica de privacidad para el uso del aplicaci\u00f3n<\/h4><div class=\"ppi_download_row ppi_row\"><div class=\"ppi_download_col ppi_col-md-6\"><p class=\"ppi_download_desc\">Pol\u00edtica de privacidad de Alsa-nextbike (Espa\u00f1ol)<\/p><a aria-label=\"Se abre en una nueva pesta\u00f1a\" href=\"https:\/\/www.alsa-nextbike.es\/leon\/wp-content\/uploads\/sites\/86\/2024\/06\/2024-04-14_Privacy-Notice-APP_nextbike_esp.pdf\" target=\"_blank\" class=\"ppi_download_link\"><strong>Descargar<\/strong><\/a><\/div><div class=\"ppi_download_col ppi_col-md-6\"><p class=\"ppi_download_desc\">Alsa-nextbike Privacy Policy App (English)<\/p><a aria-label=\"Se abre en una nueva pesta\u00f1a\" href=\"https:\/\/www.alsa-nextbike.es\/leon\/wp-content\/uploads\/sites\/86\/2024\/06\/2024-04-14_Privacy-Notice-APP_nextbike_eng-2.pdf\" target=\"_blank\" class=\"ppi_download_link\"><strong>Descargar<\/strong><\/a><\/div><\/div><\/div>[\/vc_column_text][\/vc_column][\/vc_row]<\/p>\n<\/div>","protected":false},"excerpt":{"rendered":"<p>[vc_row ppi_row_padding=\u00bbppi_remove_padding_top\u00bb][vc_column][vc_column_text][\/vc_column_text][\/vc_column][\/vc_row]<\/p>\n","protected":false},"author":2,"featured_media":0,"parent":0,"menu_order":0,"comment_status":"closed","ping_status":"closed","template":"page-bubble.php","meta":{"_acf_changed":false,"inline_featured_image":false,"footnotes":""},"class_list":["post-507","page","type-page","status-publish","hentry"],"acf":[],"yoast_head":"<!-- This site is optimized with the Yoast SEO plugin v27.2 - https:\/\/yoast.com\/product\/yoast-seo-wordpress\/ -->\n<title>Protecci\u00f3n de Datos - Alsa nextbike Le\u00f3n<\/title>\n<meta name=\"robots\" content=\"index, follow, max-snippet:-1, max-image-preview:large, max-video-preview:-1\" \/>\n<link rel=\"canonical\" href=\"https:\/\/www.alsa-nextbike.es\/leon\/es\/proteccion-de-datos\/\" \/>\n<meta property=\"og:locale\" content=\"es_ES\" \/>\n<meta property=\"og:type\" content=\"article\" \/>\n<meta property=\"og:title\" content=\"Protecci\u00f3n de Datos - Alsa nextbike Le\u00f3n\" \/>\n<meta property=\"og:description\" content=\"[vc_row ppi_row_padding=\u00bbppi_remove_padding_top\u00bb][vc_column][vc_column_text][\/vc_column_text][\/vc_column][\/vc_row]\" \/>\n<meta property=\"og:url\" content=\"https:\/\/www.alsa-nextbike.es\/leon\/es\/proteccion-de-datos\/\" \/>\n<meta property=\"og:site_name\" content=\"Alsa nextbike Le\u00f3n\" \/>\n<meta property=\"article:modified_time\" content=\"2024-04-16T15:11:35+00:00\" \/>\n<meta name=\"twitter:card\" content=\"summary_large_image\" \/>\n<meta name=\"twitter:label1\" content=\"Tiempo de lectura\" \/>\n\t<meta name=\"twitter:data1\" content=\"1 minuto\" \/>\n<script type=\"application\/ld+json\" class=\"yoast-schema-graph\">{\"@context\":\"https:\/\/schema.org\",\"@graph\":[{\"@type\":\"WebPage\",\"@id\":\"https:\/\/www.alsa-nextbike.es\/leon\/es\/proteccion-de-datos\/\",\"url\":\"https:\/\/www.alsa-nextbike.es\/leon\/es\/proteccion-de-datos\/\",\"name\":\"Protecci\u00f3n de Datos - Alsa nextbike Le\u00f3n\",\"isPartOf\":{\"@id\":\"https:\/\/www.alsa-nextbike.es\/leon\/es\/#website\"},\"datePublished\":\"2024-02-26T13:54:19+00:00\",\"dateModified\":\"2024-04-16T15:11:35+00:00\",\"breadcrumb\":{\"@id\":\"https:\/\/www.alsa-nextbike.es\/leon\/es\/proteccion-de-datos\/#breadcrumb\"},\"inLanguage\":\"es\",\"potentialAction\":[{\"@type\":\"ReadAction\",\"target\":[\"https:\/\/www.alsa-nextbike.es\/leon\/es\/proteccion-de-datos\/\"]}]},{\"@type\":\"BreadcrumbList\",\"@id\":\"https:\/\/www.alsa-nextbike.es\/leon\/es\/proteccion-de-datos\/#breadcrumb\",\"itemListElement\":[{\"@type\":\"ListItem\",\"position\":1,\"name\":\"Startseite\",\"item\":\"https:\/\/www.alsa-nextbike.es\/leon\/es\/\"},{\"@type\":\"ListItem\",\"position\":2,\"name\":\"Protecci\u00f3n de Datos\"}]},{\"@type\":\"WebSite\",\"@id\":\"https:\/\/www.alsa-nextbike.es\/leon\/es\/#website\",\"url\":\"https:\/\/www.alsa-nextbike.es\/leon\/es\/\",\"name\":\"Alsa nextbike Le\u00f3n\",\"description\":\"Un sitio web nextbike\",\"potentialAction\":[{\"@type\":\"SearchAction\",\"target\":{\"@type\":\"EntryPoint\",\"urlTemplate\":\"https:\/\/www.alsa-nextbike.es\/leon\/es\/?s={search_term_string}\"},\"query-input\":{\"@type\":\"PropertyValueSpecification\",\"valueRequired\":true,\"valueName\":\"search_term_string\"}}],\"inLanguage\":\"es\"}]}<\/script>\n<!-- \/ Yoast SEO plugin. -->","yoast_head_json":{"title":"Protecci\u00f3n de Datos - Alsa nextbike Le\u00f3n","robots":{"index":"index","follow":"follow","max-snippet":"max-snippet:-1","max-image-preview":"max-image-preview:large","max-video-preview":"max-video-preview:-1"},"canonical":"https:\/\/www.alsa-nextbike.es\/leon\/es\/proteccion-de-datos\/","og_locale":"es_ES","og_type":"article","og_title":"Protecci\u00f3n de Datos - Alsa nextbike Le\u00f3n","og_description":"[vc_row ppi_row_padding=\u00bbppi_remove_padding_top\u00bb][vc_column][vc_column_text][\/vc_column_text][\/vc_column][\/vc_row]","og_url":"https:\/\/www.alsa-nextbike.es\/leon\/es\/proteccion-de-datos\/","og_site_name":"Alsa nextbike Le\u00f3n","article_modified_time":"2024-04-16T15:11:35+00:00","twitter_card":"summary_large_image","twitter_misc":{"Tiempo de lectura":"1 minuto"},"schema":{"@context":"https:\/\/schema.org","@graph":[{"@type":"WebPage","@id":"https:\/\/www.alsa-nextbike.es\/leon\/es\/proteccion-de-datos\/","url":"https:\/\/www.alsa-nextbike.es\/leon\/es\/proteccion-de-datos\/","name":"Protecci\u00f3n de Datos - Alsa nextbike Le\u00f3n","isPartOf":{"@id":"https:\/\/www.alsa-nextbike.es\/leon\/es\/#website"},"datePublished":"2024-02-26T13:54:19+00:00","dateModified":"2024-04-16T15:11:35+00:00","breadcrumb":{"@id":"https:\/\/www.alsa-nextbike.es\/leon\/es\/proteccion-de-datos\/#breadcrumb"},"inLanguage":"es","potentialAction":[{"@type":"ReadAction","target":["https:\/\/www.alsa-nextbike.es\/leon\/es\/proteccion-de-datos\/"]}]},{"@type":"BreadcrumbList","@id":"https:\/\/www.alsa-nextbike.es\/leon\/es\/proteccion-de-datos\/#breadcrumb","itemListElement":[{"@type":"ListItem","position":1,"name":"Startseite","item":"https:\/\/www.alsa-nextbike.es\/leon\/es\/"},{"@type":"ListItem","position":2,"name":"Protecci\u00f3n de Datos"}]},{"@type":"WebSite","@id":"https:\/\/www.alsa-nextbike.es\/leon\/es\/#website","url":"https:\/\/www.alsa-nextbike.es\/leon\/es\/","name":"Alsa nextbike Le\u00f3n","description":"Un sitio web nextbike","potentialAction":[{"@type":"SearchAction","target":{"@type":"EntryPoint","urlTemplate":"https:\/\/www.alsa-nextbike.es\/leon\/es\/?s={search_term_string}"},"query-input":{"@type":"PropertyValueSpecification","valueRequired":true,"valueName":"search_term_string"}}],"inLanguage":"es"}]}},"_links":{"self":[{"href":"https:\/\/www.alsa-nextbike.es\/leon\/es\/wp-json\/wp\/v2\/pages\/507","targetHints":{"allow":["GET"]}}],"collection":[{"href":"https:\/\/www.alsa-nextbike.es\/leon\/es\/wp-json\/wp\/v2\/pages"}],"about":[{"href":"https:\/\/www.alsa-nextbike.es\/leon\/es\/wp-json\/wp\/v2\/types\/page"}],"author":[{"embeddable":true,"href":"https:\/\/www.alsa-nextbike.es\/leon\/es\/wp-json\/wp\/v2\/users\/2"}],"replies":[{"embeddable":true,"href":"https:\/\/www.alsa-nextbike.es\/leon\/es\/wp-json\/wp\/v2\/comments?post=507"}],"version-history":[{"count":2,"href":"https:\/\/www.alsa-nextbike.es\/leon\/es\/wp-json\/wp\/v2\/pages\/507\/revisions"}],"predecessor-version":[{"id":518,"href":"https:\/\/www.alsa-nextbike.es\/leon\/es\/wp-json\/wp\/v2\/pages\/507\/revisions\/518"}],"wp:attachment":[{"href":"https:\/\/www.alsa-nextbike.es\/leon\/es\/wp-json\/wp\/v2\/media?parent=507"}],"curies":[{"name":"wp","href":"https:\/\/api.w.org\/{rel}","templated":true}]}}