{"id":762,"date":"2026-01-21T12:20:19","date_gmt":"2026-01-21T11:20:19","guid":{"rendered":"https:\/\/www.alsa-nextbike.es\/leon\/?page_id=762"},"modified":"2026-02-05T12:50:07","modified_gmt":"2026-02-05T11:50:07","slug":"b2b","status":"publish","type":"page","link":"https:\/\/www.alsa-nextbike.es\/leon\/es\/b2b\/","title":{"rendered":"B2B"},"content":{"rendered":"<div class=\"wpb-content-wrapper\"><p>[vc_row ppi_row_padding=\u00bbppi_remove_padding_bottom\u00bb content_placement=\u00bbmiddle\u00bb][vc_column width=\u00bb1\/2&#8243;][vc_single_image image=\u00bb657&#8243; img_size=\u00bblarge\u00bb alignment=\u00bbcenter\u00bb css=\u00bb\u00bb][\/vc_column][vc_column width=\u00bb1\/2&#8243;][vc_custom_heading text=\u00bbOportunidades de B2B en nextbike Le\u00f3n\u00bb font_container=\u00bbtag:h1|font_size:50px|text_align:center\u00bb use_theme_fonts=\u00bbyes\u00bb css=\u00bb\u00bb][vc_empty_space][vc_column_text css=\u00bb\u00bb]<\/p>\n<p style=\"text-align: center\">Para personalizar tus soluciones B2B, ponte en contacto con <b data-path-to-node=\"3,0\" data-index-in-node=\"83\">Jorge Villareal<\/b> en <b data-path-to-node=\"3,0\" data-index-in-node=\"102\">jorge.villareal@nextbike.com.<\/b><\/p>\n<p>[\/vc_column_text][\/vc_column][\/vc_row][vc_row][vc_column width=\u00bb1\/2&#8243;][vc_icon icon_fontawesome=\u00bbfa fa-solid fa-building-user\u00bb color=\u00bbcustom\u00bb align=\u00bbcenter\u00bb css=\u00bb\u00bb custom_color=\u00bb#32C5E4&#8243;][vc_custom_heading text=\u00bbBusinessBIKE\u00bb font_container=\u00bbtag:h2|text_align:center\u00bb use_theme_fonts=\u00bbyes\u00bb css=\u00bb\u00bb][vc_column_text css=\u00bb\u00bb]<\/p>\n<p style=\"text-align: center\" data-start=\"65\" data-end=\"269\"><strong data-start=\"65\" data-end=\"121\">Empodera a tus empleados con la libertad de moverse.<\/strong><\/p>\n<p data-start=\"65\" data-end=\"269\"><br data-start=\"121\" data-end=\"124\" \/>BUSINESSBike ofrece a las empresas de la ciudad de Le\u00f3n un acceso f\u00e1cil y asequible a todos los servicios de bicicletas compartidas de nextbike.<\/p>\n<p data-start=\"271\" data-end=\"306\"><strong data-start=\"271\" data-end=\"304\">\u00bfPor qu\u00e9 elegir BUSINESSBike?<\/strong><\/p>\n<ul data-start=\"307\" data-end=\"903\">\n<li data-start=\"307\" data-end=\"480\">\n<p data-start=\"309\" data-end=\"480\"><strong data-start=\"309\" data-end=\"345\">Conectividad sin interrupciones:<\/strong> la soluci\u00f3n perfecta para el \u201c\u00faltimo kil\u00f3metro\u201d, complementando los trayectos en tren o autob\u00fas y haciendo tu oficina m\u00e1s accesible.<\/p>\n<\/li>\n<li data-start=\"481\" data-end=\"641\">\n<p data-start=\"483\" data-end=\"641\"><strong data-start=\"483\" data-end=\"508\">Flexible y escalable:<\/strong> una soluci\u00f3n de movilidad adaptada a tus necesidades, tanto para desplazamientos diarios como para viajes de negocios ocasionales.<\/p>\n<\/li>\n<li data-start=\"642\" data-end=\"762\">\n<p data-start=\"644\" data-end=\"762\"><strong data-start=\"644\" data-end=\"668\">Facilidad operativa:<\/strong> elimina la gesti\u00f3n de recibos individuales con una \u00fanica factura colectiva para la empresa.<\/p>\n<\/li>\n<li data-start=\"763\" data-end=\"903\">\n<p data-start=\"765\" data-end=\"903\"><strong data-start=\"765\" data-end=\"789\">Ve un paso m\u00e1s all\u00e1:<\/strong> opci\u00f3n de invertir en una estaci\u00f3n de bicicletas dedicada y bicicletas adicionales en la ubicaci\u00f3n de tu empresa.<\/p>\n<\/li>\n<\/ul>\n<p>[\/vc_column_text][\/vc_column][vc_column width=\u00bb1\/2&#8243;][vc_icon icon_fontawesome=\u00bbfa fa-solid fa-user-graduate\u00bb color=\u00bbcustom\u00bb align=\u00bbcenter\u00bb css=\u00bb\u00bb custom_color=\u00bb#32C5E4&#8243;][vc_custom_heading text=\u00bbCampusBIKE\u00bb font_container=\u00bbtag:h2|text_align:center\u00bb use_theme_fonts=\u00bbyes\u00bb css=\u00bb\u00bb][vc_column_text css=\u00bb\u00bb]<\/p>\n<p style=\"text-align: center\" data-start=\"114\" data-end=\"369\"><strong data-start=\"114\" data-end=\"183\">Impulsa la movilidad universitaria con libertad y sostenibilidad.<\/strong><\/p>\n<p data-start=\"114\" data-end=\"369\"><br data-start=\"183\" data-end=\"186\" \/>CampusBIKE ofrece a los campus universitarios de Le\u00f3n un acceso f\u00e1cil y asequible a un servicio de bicicletas compartidas, pensado para estudiantes, profesorado y personal universitario.<\/p>\n<p data-start=\"371\" data-end=\"401\"><strong data-start=\"371\" data-end=\"399\">\u00bfPor qu\u00e9 elegir CampusBIKE?<\/strong><\/p>\n<ul data-start=\"402\" data-end=\"1039\">\n<li data-start=\"402\" data-end=\"595\">\n<p data-start=\"404\" data-end=\"595\"><strong data-start=\"404\" data-end=\"440\">Conectividad sin interrupciones:<\/strong> la soluci\u00f3n ideal para el \u201c\u00faltimo kil\u00f3metro\u201d, facilitando los desplazamientos entre paradas de autob\u00fas, estaciones y los distintos edificios del campus.<\/p>\n<\/li>\n<li data-start=\"596\" data-end=\"764\">\n<p data-start=\"598\" data-end=\"764\"><strong data-start=\"598\" data-end=\"623\">Flexible y adaptable:<\/strong> una soluci\u00f3n de movilidad ajustada a la vida universitaria, tanto para el uso diario como para desplazamientos puntuales entre facultades.<\/p>\n<\/li>\n<li data-start=\"765\" data-end=\"912\">\n<p data-start=\"767\" data-end=\"912\"><strong data-start=\"767\" data-end=\"788\">Gesti\u00f3n sencilla:<\/strong> un sistema centralizado que simplifica la gesti\u00f3n para la universidad y facilita el acceso a toda la comunidad acad\u00e9mica.<\/p>\n<\/li>\n<li data-start=\"913\" data-end=\"1039\">\n<p data-start=\"915\" data-end=\"1039\"><strong data-start=\"915\" data-end=\"939\">Ve un paso m\u00e1s all\u00e1:<\/strong> opci\u00f3n de instalar estaciones de bicicletas dedicadas y ampliar la flota directamente en el campus.<\/p>\n<\/li>\n<\/ul>\n<p>[\/vc_column_text][\/vc_column][\/vc_row]<\/p>\n<\/div>","protected":false},"excerpt":{"rendered":"<p>[vc_row ppi_row_padding=\u00bbppi_remove_padding_bottom\u00bb content_placement=\u00bbmiddle\u00bb][vc_column width=\u00bb1\/2&#8243;][vc_single_image image=\u00bb657&#8243; img_size=\u00bblarge\u00bb alignment=\u00bbcenter\u00bb css=\u00bb\u00bb][\/vc_column][vc_column width=\u00bb1\/2&#8243;][vc_custom_heading text=\u00bbOportunidades de B2B en nextbike Le\u00f3n\u00bb font_container=\u00bbtag:h1|font_size:50px|text_align:center\u00bb use_theme_fonts=\u00bbyes\u00bb css=\u00bb\u00bb][vc_empty_space][vc_column_text css=\u00bb\u00bb] Para personalizar tus soluciones B2B, ponte en contacto con Jorge Villareal en jorge.villareal@nextbike.com. [\/vc_column_text][\/vc_column][\/vc_row][vc_row][vc_column width=\u00bb1\/2&#8243;][vc_icon icon_fontawesome=\u00bbfa fa-solid fa-building-user\u00bb color=\u00bbcustom\u00bb align=\u00bbcenter\u00bb css=\u00bb\u00bb custom_color=\u00bb#32C5E4&#8243;][vc_custom_heading text=\u00bbBusinessBIKE\u00bb font_container=\u00bbtag:h2|text_align:center\u00bb use_theme_fonts=\u00bbyes\u00bb css=\u00bb\u00bb][vc_column_text css=\u00bb\u00bb] Empodera a tus empleados con la libertad de moverse. [&hellip;]<\/p>\n","protected":false},"author":54,"featured_media":0,"parent":0,"menu_order":0,"comment_status":"closed","ping_status":"closed","template":"","meta":{"_acf_changed":false,"inline_featured_image":false,"footnotes":""},"class_list":["post-762","page","type-page","status-publish","hentry"],"acf":[],"yoast_head":"<!-- This site is optimized with the Yoast SEO plugin v27.2 - https:\/\/yoast.com\/product\/yoast-seo-wordpress\/ -->\n<title>B2B - Alsa nextbike Le\u00f3n<\/title>\n<meta name=\"robots\" content=\"index, follow, max-snippet:-1, max-image-preview:large, max-video-preview:-1\" \/>\n<link rel=\"canonical\" href=\"https:\/\/www.alsa-nextbike.es\/leon\/es\/b2b\/\" \/>\n<meta property=\"og:locale\" content=\"es_ES\" \/>\n<meta property=\"og:type\" content=\"article\" \/>\n<meta property=\"og:title\" content=\"B2B - Alsa nextbike Le\u00f3n\" \/>\n<meta property=\"og:description\" content=\"[vc_row ppi_row_padding=\u00bbppi_remove_padding_bottom\u00bb content_placement=\u00bbmiddle\u00bb][vc_column width=\u00bb1\/2&#8243;][vc_single_image image=\u00bb657&#8243; img_size=\u00bblarge\u00bb alignment=\u00bbcenter\u00bb css=\u00bb\u00bb][\/vc_column][vc_column width=\u00bb1\/2&#8243;][vc_custom_heading text=\u00bbOportunidades de B2B en nextbike Le\u00f3n\u00bb font_container=\u00bbtag:h1|font_size:50px|text_align:center\u00bb use_theme_fonts=\u00bbyes\u00bb css=\u00bb\u00bb][vc_empty_space][vc_column_text css=\u00bb\u00bb] Para personalizar tus soluciones B2B, ponte en contacto con Jorge Villareal en jorge.villareal@nextbike.com. [\/vc_column_text][\/vc_column][\/vc_row][vc_row][vc_column width=\u00bb1\/2&#8243;][vc_icon icon_fontawesome=\u00bbfa fa-solid fa-building-user\u00bb color=\u00bbcustom\u00bb align=\u00bbcenter\u00bb css=\u00bb\u00bb custom_color=\u00bb#32C5E4&#8243;][vc_custom_heading text=\u00bbBusinessBIKE\u00bb font_container=\u00bbtag:h2|text_align:center\u00bb use_theme_fonts=\u00bbyes\u00bb css=\u00bb\u00bb][vc_column_text css=\u00bb\u00bb] Empodera a tus empleados con la libertad de moverse. [&hellip;]\" \/>\n<meta property=\"og:url\" content=\"https:\/\/www.alsa-nextbike.es\/leon\/es\/b2b\/\" \/>\n<meta property=\"og:site_name\" content=\"Alsa nextbike Le\u00f3n\" \/>\n<meta property=\"article:modified_time\" content=\"2026-02-05T11:50:07+00:00\" \/>\n<meta name=\"twitter:card\" content=\"summary_large_image\" \/>\n<meta name=\"twitter:label1\" content=\"Tiempo de lectura\" \/>\n\t<meta name=\"twitter:data1\" content=\"2 minutos\" \/>\n<script type=\"application\/ld+json\" class=\"yoast-schema-graph\">{\"@context\":\"https:\/\/schema.org\",\"@graph\":[{\"@type\":\"WebPage\",\"@id\":\"https:\/\/www.alsa-nextbike.es\/leon\/es\/b2b\/\",\"url\":\"https:\/\/www.alsa-nextbike.es\/leon\/es\/b2b\/\",\"name\":\"B2B - Alsa nextbike Le\u00f3n\",\"isPartOf\":{\"@id\":\"https:\/\/www.alsa-nextbike.es\/leon\/es\/#website\"},\"datePublished\":\"2026-01-21T11:20:19+00:00\",\"dateModified\":\"2026-02-05T11:50:07+00:00\",\"breadcrumb\":{\"@id\":\"https:\/\/www.alsa-nextbike.es\/leon\/es\/b2b\/#breadcrumb\"},\"inLanguage\":\"es\",\"potentialAction\":[{\"@type\":\"ReadAction\",\"target\":[\"https:\/\/www.alsa-nextbike.es\/leon\/es\/b2b\/\"]}]},{\"@type\":\"BreadcrumbList\",\"@id\":\"https:\/\/www.alsa-nextbike.es\/leon\/es\/b2b\/#breadcrumb\",\"itemListElement\":[{\"@type\":\"ListItem\",\"position\":1,\"name\":\"Startseite\",\"item\":\"https:\/\/www.alsa-nextbike.es\/leon\/es\/\"},{\"@type\":\"ListItem\",\"position\":2,\"name\":\"B2B\"}]},{\"@type\":\"WebSite\",\"@id\":\"https:\/\/www.alsa-nextbike.es\/leon\/es\/#website\",\"url\":\"https:\/\/www.alsa-nextbike.es\/leon\/es\/\",\"name\":\"Alsa nextbike Le\u00f3n\",\"description\":\"Un sitio web nextbike\",\"potentialAction\":[{\"@type\":\"SearchAction\",\"target\":{\"@type\":\"EntryPoint\",\"urlTemplate\":\"https:\/\/www.alsa-nextbike.es\/leon\/es\/?s={search_term_string}\"},\"query-input\":{\"@type\":\"PropertyValueSpecification\",\"valueRequired\":true,\"valueName\":\"search_term_string\"}}],\"inLanguage\":\"es\"}]}<\/script>\n<!-- \/ Yoast SEO plugin. -->","yoast_head_json":{"title":"B2B - Alsa nextbike Le\u00f3n","robots":{"index":"index","follow":"follow","max-snippet":"max-snippet:-1","max-image-preview":"max-image-preview:large","max-video-preview":"max-video-preview:-1"},"canonical":"https:\/\/www.alsa-nextbike.es\/leon\/es\/b2b\/","og_locale":"es_ES","og_type":"article","og_title":"B2B - Alsa nextbike Le\u00f3n","og_description":"[vc_row ppi_row_padding=\u00bbppi_remove_padding_bottom\u00bb content_placement=\u00bbmiddle\u00bb][vc_column width=\u00bb1\/2&#8243;][vc_single_image image=\u00bb657&#8243; img_size=\u00bblarge\u00bb alignment=\u00bbcenter\u00bb css=\u00bb\u00bb][\/vc_column][vc_column width=\u00bb1\/2&#8243;][vc_custom_heading text=\u00bbOportunidades de B2B en nextbike Le\u00f3n\u00bb font_container=\u00bbtag:h1|font_size:50px|text_align:center\u00bb use_theme_fonts=\u00bbyes\u00bb css=\u00bb\u00bb][vc_empty_space][vc_column_text css=\u00bb\u00bb] Para personalizar tus soluciones B2B, ponte en contacto con Jorge Villareal en jorge.villareal@nextbike.com. [\/vc_column_text][\/vc_column][\/vc_row][vc_row][vc_column width=\u00bb1\/2&#8243;][vc_icon icon_fontawesome=\u00bbfa fa-solid fa-building-user\u00bb color=\u00bbcustom\u00bb align=\u00bbcenter\u00bb css=\u00bb\u00bb custom_color=\u00bb#32C5E4&#8243;][vc_custom_heading text=\u00bbBusinessBIKE\u00bb font_container=\u00bbtag:h2|text_align:center\u00bb use_theme_fonts=\u00bbyes\u00bb css=\u00bb\u00bb][vc_column_text css=\u00bb\u00bb] Empodera a tus empleados con la libertad de moverse. [&hellip;]","og_url":"https:\/\/www.alsa-nextbike.es\/leon\/es\/b2b\/","og_site_name":"Alsa nextbike Le\u00f3n","article_modified_time":"2026-02-05T11:50:07+00:00","twitter_card":"summary_large_image","twitter_misc":{"Tiempo de lectura":"2 minutos"},"schema":{"@context":"https:\/\/schema.org","@graph":[{"@type":"WebPage","@id":"https:\/\/www.alsa-nextbike.es\/leon\/es\/b2b\/","url":"https:\/\/www.alsa-nextbike.es\/leon\/es\/b2b\/","name":"B2B - Alsa nextbike Le\u00f3n","isPartOf":{"@id":"https:\/\/www.alsa-nextbike.es\/leon\/es\/#website"},"datePublished":"2026-01-21T11:20:19+00:00","dateModified":"2026-02-05T11:50:07+00:00","breadcrumb":{"@id":"https:\/\/www.alsa-nextbike.es\/leon\/es\/b2b\/#breadcrumb"},"inLanguage":"es","potentialAction":[{"@type":"ReadAction","target":["https:\/\/www.alsa-nextbike.es\/leon\/es\/b2b\/"]}]},{"@type":"BreadcrumbList","@id":"https:\/\/www.alsa-nextbike.es\/leon\/es\/b2b\/#breadcrumb","itemListElement":[{"@type":"ListItem","position":1,"name":"Startseite","item":"https:\/\/www.alsa-nextbike.es\/leon\/es\/"},{"@type":"ListItem","position":2,"name":"B2B"}]},{"@type":"WebSite","@id":"https:\/\/www.alsa-nextbike.es\/leon\/es\/#website","url":"https:\/\/www.alsa-nextbike.es\/leon\/es\/","name":"Alsa nextbike Le\u00f3n","description":"Un sitio web nextbike","potentialAction":[{"@type":"SearchAction","target":{"@type":"EntryPoint","urlTemplate":"https:\/\/www.alsa-nextbike.es\/leon\/es\/?s={search_term_string}"},"query-input":{"@type":"PropertyValueSpecification","valueRequired":true,"valueName":"search_term_string"}}],"inLanguage":"es"}]}},"_links":{"self":[{"href":"https:\/\/www.alsa-nextbike.es\/leon\/es\/wp-json\/wp\/v2\/pages\/762","targetHints":{"allow":["GET"]}}],"collection":[{"href":"https:\/\/www.alsa-nextbike.es\/leon\/es\/wp-json\/wp\/v2\/pages"}],"about":[{"href":"https:\/\/www.alsa-nextbike.es\/leon\/es\/wp-json\/wp\/v2\/types\/page"}],"author":[{"embeddable":true,"href":"https:\/\/www.alsa-nextbike.es\/leon\/es\/wp-json\/wp\/v2\/users\/54"}],"replies":[{"embeddable":true,"href":"https:\/\/www.alsa-nextbike.es\/leon\/es\/wp-json\/wp\/v2\/comments?post=762"}],"version-history":[{"count":25,"href":"https:\/\/www.alsa-nextbike.es\/leon\/es\/wp-json\/wp\/v2\/pages\/762\/revisions"}],"predecessor-version":[{"id":799,"href":"https:\/\/www.alsa-nextbike.es\/leon\/es\/wp-json\/wp\/v2\/pages\/762\/revisions\/799"}],"wp:attachment":[{"href":"https:\/\/www.alsa-nextbike.es\/leon\/es\/wp-json\/wp\/v2\/media?parent=762"}],"curies":[{"name":"wp","href":"https:\/\/api.w.org\/{rel}","templated":true}]}}